{"id":109,"date":"2019-08-06T20:48:29","date_gmt":"2019-08-06T20:48:29","guid":{"rendered":"http:\/\/www.acent.sk\/?page_id=109"},"modified":"2024-12-10T10:21:03","modified_gmt":"2024-12-10T09:21:03","slug":"ochrana-osobnych-udajov-gdpr","status":"publish","type":"page","link":"https:\/\/www.acent.sk\/?page_id=109","title":{"rendered":"GDPR"},"content":{"rendered":"\n<h2 class=\"wp-block-heading\">Kto sme<\/h2>\n\n\n\n<p>Adresa na\u0161ej webovej str\u00e1nky je: http:\/\/www.acent.sk.<\/p>\n\n\n\n<h2 class=\"wp-block-heading\">Ak\u00e9 osobn\u00e9 \u00fadaje zhroma\u017e\u010fujeme a pre\u010do ich zhroma\u017e\u010fujeme<\/h2>\n\n\n\n<h3 class=\"wp-block-heading\">Koment\u00e1re<\/h3>\n\n\n\n<p>Ke\u010f n\u00e1v\u0161tevn\u00edci zanechaj\u00fa koment\u00e1re na webe, zhroma\u017e\u010fujeme \u00fadaje zobrazen\u00e9 vo formul\u00e1ri na koment\u00e1re a tie\u017e IP adresu a re\u0165azec agenta agenta prehliada\u010da, aby sme pomohli zisti\u0165 spam.<\/p>\n\n\n\n<p>Slu\u017ebe Gravatar sa m\u00f4\u017ee poskytn\u00fa\u0165 anonymizovan\u00fd re\u0165azec vytvoren\u00fd z va\u0161ej e-mailovej adresy (tie\u017e naz\u00fdvan\u00fd hash), aby sa zistilo, \u010di ho pou\u017e\u00edvate.&nbsp;Z\u00e1sady ochrany osobn\u00fdch \u00fadajov slu\u017eby Gravatar s\u00fa dostupn\u00e9 tu: https:\/\/automattic.com\/privacy\/.&nbsp;Po schv\u00e1len\u00ed v\u00e1\u0161ho koment\u00e1ra je v\u00e1\u0161 profilov\u00fd obr\u00e1zok vidite\u013en\u00fd pre verejnos\u0165 v kontexte v\u00e1\u0161ho koment\u00e1ra.<\/p>\n\n\n\n<h3 class=\"wp-block-heading\">Media<\/h3>\n\n\n\n<p>Ak odovzd\u00e1vate obr\u00e1zky na web, nemali by ste odovzd\u00e1va\u0165 obr\u00e1zky s vlo\u017een\u00fdmi \u00fadajmi o polohe (EXIF GPS).&nbsp;N\u00e1v\u0161tevn\u00edci webov\u00fdch str\u00e1nok m\u00f4\u017eu s\u0165ahova\u0165 a extrahova\u0165 ak\u00e9ko\u013evek \u00fadaje o polohe z obr\u00e1zkov na webovej str\u00e1nke.<\/p>\n\n\n\n<h3 class=\"wp-block-heading\">Kontaktn\u00e9 formul\u00e1re<\/h3>\n\n\n\n<p>Ak na na\u0161ej str\u00e1nke zanech\u00e1te koment\u00e1r, m\u00f4\u017eete sa rozhodn\u00fa\u0165 ulo\u017ei\u0165 svoje meno, e-mailov\u00fa adresu a webov\u00fa str\u00e1nku do s\u00faborov cookie.&nbsp;S\u00fa tu pre va\u0161e pohodlie, tak\u017ee nemus\u00edte znova vypl\u0148ova\u0165 svoje \u00fadaje, ke\u010f zanech\u00e1te \u010fal\u0161\u00ed koment\u00e1r.&nbsp;Tieto s\u00fabory cookie bud\u00fa trva\u0165 jeden rok.<\/p>\n\n\n\n<p>Ak nav\u0161t\u00edvite na\u0161u prihlasovaciu str\u00e1nku, nastav\u00edme do\u010dasn\u00fd s\u00fabor cookie, aby sme zistili, \u010di v\u00e1\u0161 prehliada\u010d s\u00fabory cookie prij\u00edma.&nbsp;Tento s\u00fabor cookie neobsahuje \u017eiadne osobn\u00e9 \u00fadaje a pri zatvoren\u00ed preh\u013ead\u00e1va\u010da sa zahod\u00ed.<\/p>\n\n\n\n<p>Ke\u010f sa prihl\u00e1site, nastav\u00edme tie\u017e nieko\u013eko s\u00faborov cookie na ulo\u017eenie va\u0161ich prihlasovac\u00edch inform\u00e1ci\u00ed a mo\u017enost\u00ed zobrazenia obrazovky.&nbsp;S\u00fabory cookie na prihl\u00e1senie trvaj\u00fa dva dni a s\u00fabory cookie na obrazovke trvaj\u00fa jeden rok.&nbsp;Ak vyberiete mo\u017enos\u0165 \u201eZapam\u00e4ta\u0165 si ma\u201c, va\u0161e prihl\u00e1senie bude trva\u0165 dva t\u00fd\u017edne.&nbsp;Ak sa odhl\u00e1site zo svojho \u00fa\u010dtu, prihlasovacie s\u00fabory cookie bud\u00fa odstr\u00e1nen\u00e9.<\/p>\n\n\n\n<p>Ak uprav\u00edte alebo publikujete \u010dl\u00e1nok, do v\u00e1\u0161ho prehliada\u010da sa ulo\u017e\u00ed \u010fal\u0161\u00ed s\u00fabor cookie.&nbsp;Tento s\u00fabor cookie neobsahuje \u017eiadne osobn\u00e9 \u00fadaje a jednoducho ozna\u010duje ID pr\u00edspevku \u010dl\u00e1nku, ktor\u00fd ste pr\u00e1ve upravili.&nbsp;Jeho platnos\u0165 vypr\u0161\u00ed po 1 dni.<\/p>\n\n\n\n<h3 class=\"wp-block-heading\">Vnoren\u00fd obsah z in\u00fdch webov\u00fdch str\u00e1nok<\/h3>\n\n\n\n<p>\u010cl\u00e1nky na tejto str\u00e1nke m\u00f4\u017eu obsahova\u0165 vlo\u017een\u00fd obsah (napr. Vide\u00e1, obr\u00e1zky, \u010dl\u00e1nky at\u010f.).&nbsp;Vnoren\u00fd obsah z in\u00fdch webov\u00fdch str\u00e1nok sa spr\u00e1va rovnako, akoby n\u00e1v\u0161tevn\u00edk nav\u0161t\u00edvil in\u00fa webov\u00fa str\u00e1nku.<\/p>\n\n\n\n<p>Tieto webov\u00e9 str\u00e1nky m\u00f4\u017eu zhroma\u017e\u010fova\u0165 \u00fadaje o v\u00e1s, pou\u017e\u00edva\u0165 s\u00fabory cookie, vklada\u0165 \u010fal\u0161ie sledovanie od tret\u00edch str\u00e1n a monitorova\u0165 va\u0161u interakciu s t\u00fdmto vlo\u017een\u00fdm obsahom vr\u00e1tane sledovania va\u0161ej interakcie s vlo\u017een\u00fdm obsahom, ak m\u00e1te \u00fa\u010det a ste prihl\u00e1sen\u00ed na tento web.<\/p>\n\n\n\n<h3 class=\"wp-block-heading\">Ako dlho uchov\u00e1vame va\u0161e \u00fadaje<\/h3>\n\n\n\n<p>Ak zanech\u00e1te koment\u00e1r, koment\u00e1r a jeho metad\u00e1ta sa zachovaj\u00fa na neur\u010dito.&nbsp;Preto m\u00f4\u017eeme automaticky rozpozna\u0165 a schv\u00e1li\u0165 ak\u00e9ko\u013evek n\u00e1sledn\u00e9 koment\u00e1re namiesto toho, aby sme ich dr\u017eali v rade na moderovanie.<\/p>\n\n\n\n<p>Pou\u017e\u00edvate\u013eom, ktor\u00ed sa zaregistruj\u00fa na na\u0161ej webovej str\u00e1nke (ak existuj\u00fa), tie\u017e uklad\u00e1me osobn\u00e9 inform\u00e1cie, ktor\u00e9 poskytuj\u00fa, do svojho pou\u017e\u00edvate\u013esk\u00e9ho profilu.&nbsp;V\u0161etci pou\u017e\u00edvatelia m\u00f4\u017eu kedyko\u013evek zobrazi\u0165, upravi\u0165 alebo odstr\u00e1ni\u0165 svoje osobn\u00e9 \u00fadaje (okrem pr\u00edpadu, ke\u010f nem\u00f4\u017eu zmeni\u0165 svoje pou\u017e\u00edvate\u013esk\u00e9 meno).&nbsp;Spr\u00e1vcovia webov\u00fdch str\u00e1nok m\u00f4\u017eu tieto inform\u00e1cie tie\u017e vidie\u0165 a upravova\u0165.<\/p>\n\n\n\n<h2 class=\"wp-block-heading\">Ak\u00e9 pr\u00e1va m\u00e1te k svojim \u00fadajom<\/h2>\n\n\n\n<p>Ak m\u00e1te \u00fa\u010det na tejto str\u00e1nke alebo ste zanechali pripomienky, m\u00f4\u017eete po\u017eiada\u0165 o zaslanie exportovan\u00e9ho s\u00faboru osobn\u00fdch \u00fadajov, ktor\u00e9 m\u00e1me o v\u00e1s, vr\u00e1tane v\u0161etk\u00fdch \u00fadajov, ktor\u00e9 ste n\u00e1m poskytli.&nbsp;M\u00f4\u017eete tie\u017e po\u017eiada\u0165, aby sme vymazali v\u0161etky osobn\u00e9 \u00fadaje, ktor\u00e9 o v\u00e1s m\u00e1me.&nbsp;To nezah\u0155\u0148a \u017eiadne \u00fadaje, ktor\u00e9 sme povinn\u00ed uchov\u00e1va\u0165 na administrat\u00edvne, pr\u00e1vne alebo bezpe\u010dnostn\u00e9 \u00fa\u010dely.<\/p>\n\n\n\n<h2 class=\"wp-block-heading\">Kam posielame va\u0161e \u00fadaje<\/h2>\n\n\n\n<p>Koment\u00e1re n\u00e1v\u0161tevn\u00edkov m\u00f4\u017eu by\u0165 kontrolovan\u00e9 prostredn\u00edctvom automatizovanej slu\u017eby zis\u0165ovania spamu.<\/p>\n","protected":false},"excerpt":{"rendered":"<p>Kto sme Adresa na\u0161ej webovej str\u00e1nky je: http:\/\/www.acent.sk. Ak\u00e9 osobn\u00e9 \u00fadaje zhroma\u017e\u010fujeme a pre\u010do ich zhroma\u017e\u010fujeme Koment\u00e1re Ke\u010f n\u00e1v\u0161tevn\u00edci zanechaj\u00fa koment\u00e1re na webe, zhroma\u017e\u010fujeme \u00fadaje zobrazen\u00e9 vo formul\u00e1ri na koment\u00e1re a tie\u017e IP adresu a re\u0165azec agenta agenta prehliada\u010da, aby sme pomohli zisti\u0165 spam. Slu\u017ebe Gravatar sa m\u00f4\u017ee poskytn\u00fa\u0165 anonymizovan\u00fd re\u0165azec vytvoren\u00fd z va\u0161ej e-mailovej adresy (tie\u017e naz\u00fdvan\u00fd hash), aby<\/p>\n","protected":false},"author":1,"featured_media":348,"parent":0,"menu_order":0,"comment_status":"closed","ping_status":"closed","template":"","meta":{"footnotes":""},"class_list":["post-109","page","type-page","status-publish","has-post-thumbnail","hentry"],"_links":{"self":[{"href":"https:\/\/www.acent.sk\/index.php?rest_route=\/wp\/v2\/pages\/109","targetHints":{"allow":["GET"]}}],"collection":[{"href":"https:\/\/www.acent.sk\/index.php?rest_route=\/wp\/v2\/pages"}],"about":[{"href":"https:\/\/www.acent.sk\/index.php?rest_route=\/wp\/v2\/types\/page"}],"author":[{"embeddable":true,"href":"https:\/\/www.acent.sk\/index.php?rest_route=\/wp\/v2\/users\/1"}],"replies":[{"embeddable":true,"href":"https:\/\/www.acent.sk\/index.php?rest_route=%2Fwp%2Fv2%2Fcomments&post=109"}],"version-history":[{"count":4,"href":"https:\/\/www.acent.sk\/index.php?rest_route=\/wp\/v2\/pages\/109\/revisions"}],"predecessor-version":[{"id":172,"href":"https:\/\/www.acent.sk\/index.php?rest_route=\/wp\/v2\/pages\/109\/revisions\/172"}],"wp:featuredmedia":[{"embeddable":true,"href":"https:\/\/www.acent.sk\/index.php?rest_route=\/wp\/v2\/media\/348"}],"wp:attachment":[{"href":"https:\/\/www.acent.sk\/index.php?rest_route=%2Fwp%2Fv2%2Fmedia&parent=109"}],"curies":[{"name":"wp","href":"https:\/\/api.w.org\/{rel}","templated":true}]}}