{"id":11,"date":"2019-08-05T07:16:29","date_gmt":"2019-08-05T07:16:29","guid":{"rendered":"http:\/\/www.acent.sk\/?page_id=11"},"modified":"2026-01-17T11:33:34","modified_gmt":"2026-01-17T10:33:34","slug":"a-homepage-section","status":"publish","type":"page","link":"https:\/\/www.acent.sk\/","title":{"rendered":"ACENT s.r.o."},"content":{"rendered":"\n<p><\/p>\n\n\n<p><span style=\"font-family: Times New Roman, serif;\"><span style=\"font-size: medium;\"><b><span style=\"vertical-align: inherit;\"><span style=\"vertical-align: inherit;\">OTV\u00c1RACIE HODINY:<\/span><\/span><\/b><\/span><\/span><\/p>\n<p><span style=\"font-family: 'Times New Roman', serif; color: #0000ff;\"><span style=\"font-size: medium;\"><span style=\"vertical-align: inherit;\"><span style=\"vertical-align: inherit;\"> <br \/>Pondelok\u00a0 \u00a0 \u00a0 \u00a0 \u00a0 \u00a0 \u00a0 \u00a0 od 10:00 do 11:30\u00a0 \u00a0 \u00a0 \u00a0 \u00a0 \u00a0 \u00a0 \u00a0 od 13:00 do 15:30 hod.\u00a0<br \/>\u00datorok\u00a0 \u00a0 \u00a0 \u00a0 \u00a0 \u00a0 \u00a0 \u00a0 \u00a0 \u00a0 od 9:00 do 11:30\u00a0 \u00a0 \u00a0 \u00a0 \u00a0 \u00a0 \u00a0 \u00a0 \u00a0od 13:00 do 15:30 hod.\u00a0<br \/>Streda\u00a0 \u00a0 \u00a0 \u00a0 \u00a0 \u00a0 \u00a0 \u00a0 \u00a0 \u00a0 \u00a0od 9:00 do 11:30\u00a0 \u00a0 \u00a0 \u00a0 \u00a0 \u00a0 \u00a0 \u00a0 \u00a0od 13:<\/span><\/span><\/span><\/span><span style=\"font-family: 'Times New Roman', serif; color: #0000ff;\"><span style=\"font-size: medium;\"><span style=\"vertical-align: inherit;\"><span style=\"vertical-align: inherit;\">00 do 15:30 hod.\u00a0 \u00a0<br \/>\u0160tvrtok\u00a0 \u00a0 \u00a0 \u00a0 \u00a0 \u00a0 \u00a0 \u00a0 \u00a0 \u00a0 od 9:00 do 11:30 \u00a0 \u00a0 \u00a0 \u00a0 \u00a0 \u00a0 \u00a0\u00a0 od 13:00 do 15:30 hod.\u00a0<br \/>Piatok\u00a0 \u00a0 \u00a0 \u00a0 \u00a0 \u00a0 \u00a0 \u00a0 \u00a0 \u00a0 \u00a0 od 9:00 do 11:30\u00a0 \u00a0 \u00a0 \u00a0 \u00a0 \u00a0 \u00a0 \u00a0 od 13:00 do 14:00 hod.\u00a0<br \/>Sobota\u00a0 \u00a0 \u00a0 \u00a0 \u00a0 \u00a0 \u00a0 \u00a0 \u00a0 \u00a0 \u00a0 \u00a0 \u00a0 \u00a0 \u00a0 \u00a0 \u00a0 zatvoren\u00e9<\/span><\/span><\/span><\/span><br \/><span style=\"font-family: 'Times New Roman', serif; color: #0000ff;\"><span style=\"font-size: medium;\"><span style=\"vertical-align: inherit;\"><span style=\"vertical-align: inherit;\">Nede\u013ea\u00a0 \u00a0 \u00a0 \u00a0 \u00a0 \u00a0 \u00a0 \u00a0 \u00a0 \u00a0 \u00a0 \u00a0 \u00a0 \u00a0 \u00a0 \u00a0 \u00a0zatvoren\u00e9<\/span><\/span><\/span><\/span><\/p>\n<p><span style=\"font-family: Times New Roman, serif;\"><span style=\"font-size: medium;\"><span style=\"vertical-align: inherit;\"><span style=\"vertical-align: inherit;\">Mimo otv\u00e1rac\u00edch hod\u00edn &#8211; Tel. <\/span><span style=\"vertical-align: inherit;\">0915 828 000<\/span><\/span><\/span><\/span><\/p>\n<p><span style=\"font-family: Times New Roman, serif;\"><span style=\"font-size: medium;\"><span style=\"vertical-align: inherit;\"><span style=\"vertical-align: inherit;\">Dovoz tonerov v Tren\u010d\u00edne zadarmo aj v tomto roku.<\/span><\/span><\/span><\/span><\/p>\n<p><span style=\"font-family: Times New Roman, serif;\"><span style=\"font-size: medium;\"><b><span style=\"vertical-align: inherit;\"><span style=\"vertical-align: inherit;\">OD 2.4.2018 sme pres\u0165ahovan\u00ed do administrat\u00edvnej budovy <\/span><\/span><\/b><\/span><\/span><\/p>\n<p><span style=\"font-family: Times New Roman, serif;\"><span style=\"font-size: medium;\"><b><span style=\"vertical-align: inherit;\"><span style=\"vertical-align: inherit;\">FISCHER TireTech s.r.o. ( b\u00fdval\u00e1 KON\u0160TRUKTA TireTech a.s.)\u00a0<\/span><\/span><\/b><\/span><\/span><\/p>\n<p><img loading=\"lazy\" decoding=\"async\" class=\"size-medium wp-image-41 alignnone\" src=\"http:\/\/www.acent.sk\/wp-content\/uploads\/2019\/08\/ACENTprevadzka-1-1024x557-300x163.jpg\" alt=\"\" width=\"300\" height=\"163\" srcset=\"https:\/\/www.acent.sk\/wp-content\/uploads\/2019\/08\/ACENTprevadzka-1-1024x557-300x163.jpg 300w, https:\/\/www.acent.sk\/wp-content\/uploads\/2019\/08\/ACENTprevadzka-1-1024x557-768x418.jpg 768w, https:\/\/www.acent.sk\/wp-content\/uploads\/2019\/08\/ACENTprevadzka-1-1024x557.jpg 1024w\" sizes=\"auto, (max-width: 300px) 100vw, 300px\" \/><\/p>\n<p><span style=\"font-family: Times New Roman, serif;\"><span style=\"font-size: medium;\"><b><span style=\"vertical-align: inherit;\"><span style=\"vertical-align: inherit;\">3. poschodie &#8211; v\u00fd\u0165ah je k dispoz\u00edci\u00ed.\u00a0<\/span><\/span><\/b><\/span><\/span><\/p>\n<p><span style=\"font-family: Times New Roman, serif;\"><span style=\"font-size: medium;\"><b><span style=\"vertical-align: inherit;\"><span style=\"vertical-align: inherit;\">Pou\u017eite hlavn\u00fd vchod do budovy.<\/span><\/span><\/b><\/span><\/span><\/p>\n<p><a href=\"https:\/\/www.google.com\/maps\/place\/ACENT+s.r.o.\/@48.8897207,18.0647418,17.46z\/data=!4m5!3m4!1s0x0:0x2d5ec16d49264232!8m2!3d48.8898261!4d18.0629075?hl=sk\"><span style=\"font-family: Times New Roman, serif;\"><span style=\"font-size: medium;\"><span style=\"vertical-align: inherit;\"><span style=\"vertical-align: inherit;\">Pozri na mape<\/span><\/span><\/span><\/span><\/a><\/p>\n<p><span style=\"font-family: Times New Roman, serif;\"><span style=\"font-size: medium;\"><span style=\"vertical-align: inherit;\"><span style=\"vertical-align: inherit;\">Na\u0161u prev\u00e1dzku n\u00e1jdete na adrese:<\/span><\/span><\/span><\/span><\/p>\n<p><span style=\"font-family: Times New Roman, serif;\"><span style=\"font-size: medium;\"><span style=\"vertical-align: inherit;\"><span style=\"vertical-align: inherit;\">ACENT sro<\/span><\/span><\/span><\/span><\/p>\n<p><span style=\"font-family: Times New Roman, serif;\"><span style=\"font-size: medium;\"><span style=\"vertical-align: inherit;\"><span style=\"vertical-align: inherit;\">K v\u00fdstavisku 13,<\/span><\/span><\/span><\/span><\/p>\n<p><span style=\"font-family: Times New Roman, serif;\"><span style=\"font-size: medium;\"><span style=\"vertical-align: inherit;\"><span style=\"vertical-align: inherit;\">911 01 Tren\u010d\u00edn<\/span><\/span><\/span><\/span><\/p>\n<p><span style=\"font-family: Times New Roman, serif;\"><span style=\"font-size: medium;\"><span style=\"vertical-align: inherit;\"><span style=\"vertical-align: inherit;\">Aj tento rok sme roz\u0161\u00edrili sortiment o nov\u00e9 typy kvalitn\u00fdch tonerov pre laserov\u00e9 tla\u010diarne.<\/span><\/span><\/span><\/span><\/p>\n<p>&nbsp;<\/p>","protected":false},"excerpt":{"rendered":"<p>OTV\u00c1RACIE HODINY: Pondelok\u00a0 \u00a0 \u00a0 \u00a0 \u00a0 \u00a0 \u00a0 \u00a0 od 10:00 do 11:30\u00a0 \u00a0 \u00a0 \u00a0 \u00a0 \u00a0 \u00a0 \u00a0 od 13:00 do 15:30 hod.\u00a0\u00datorok\u00a0 \u00a0 \u00a0 \u00a0 \u00a0 \u00a0 \u00a0 \u00a0 \u00a0 \u00a0 od 9:00 do 11:30\u00a0 \u00a0 \u00a0 \u00a0 \u00a0 \u00a0 \u00a0 \u00a0 \u00a0od 13:00 do 15:30 hod.\u00a0Streda\u00a0 \u00a0 \u00a0 \u00a0 \u00a0 \u00a0 \u00a0 \u00a0 \u00a0 \u00a0<\/p>\n","protected":false},"author":1,"featured_media":46,"parent":0,"menu_order":0,"comment_status":"closed","ping_status":"closed","template":"","meta":{"footnotes":""},"class_list":["post-11","page","type-page","status-publish","has-post-thumbnail","hentry"],"_links":{"self":[{"href":"https:\/\/www.acent.sk\/index.php?rest_route=\/wp\/v2\/pages\/11","targetHints":{"allow":["GET"]}}],"collection":[{"href":"https:\/\/www.acent.sk\/index.php?rest_route=\/wp\/v2\/pages"}],"about":[{"href":"https:\/\/www.acent.sk\/index.php?rest_route=\/wp\/v2\/types\/page"}],"author":[{"embeddable":true,"href":"https:\/\/www.acent.sk\/index.php?rest_route=\/wp\/v2\/users\/1"}],"replies":[{"embeddable":true,"href":"https:\/\/www.acent.sk\/index.php?rest_route=%2Fwp%2Fv2%2Fcomments&post=11"}],"version-history":[{"count":70,"href":"https:\/\/www.acent.sk\/index.php?rest_route=\/wp\/v2\/pages\/11\/revisions"}],"predecessor-version":[{"id":395,"href":"https:\/\/www.acent.sk\/index.php?rest_route=\/wp\/v2\/pages\/11\/revisions\/395"}],"wp:featuredmedia":[{"embeddable":true,"href":"https:\/\/www.acent.sk\/index.php?rest_route=\/wp\/v2\/media\/46"}],"wp:attachment":[{"href":"https:\/\/www.acent.sk\/index.php?rest_route=%2Fwp%2Fv2%2Fmedia&parent=11"}],"curies":[{"name":"wp","href":"https:\/\/api.w.org\/{rel}","templated":true}]}}