{"id":120,"date":"2019-08-06T20:45:39","date_gmt":"2019-08-06T20:45:39","guid":{"rendered":"http:\/\/www.acent.sk\/?page_id=120"},"modified":"2022-11-24T06:12:11","modified_gmt":"2022-11-24T05:12:11","slug":"reklamacny-poriadok","status":"publish","type":"page","link":"https:\/\/www.acent.sk\/?page_id=120","title":{"rendered":"Reklama\u010dn\u00fd poriadok"},"content":{"rendered":"\n<p>Reklama\u010dn\u00fd poriadok bol spracovan\u00fd v s\u00falade s platn\u00fdm Ob\u010dianskym z\u00e1konn\u00edkom v znen\u00ed neskor\u0161\u00edch predpisov a z\u00e1konom  o ochrane spotrebite\u013ea v znen\u00ed neskor\u0161\u00edch predpisov.<\/p>\n\n\n\n<p>Tento reklama\u010dn\u00fd poriadok \u00fa\u010delne upravuje podmienky a postup pri prij\u00edman\u00ed a\nvybavovan\u00ed reklam\u00e1ci\u00ed na tovar zak\u00fapen\u00fd na webovej str\u00e1nke&nbsp;<a href=\"http:\/\/www.acent.sk\/?post_type=product\">www.acent.sk<\/a>&nbsp;pred\u00e1vaj\u00faci\nposkytuje z\u00e1ruku na tovar v d\u013a\u017eke 24 mesiacov. Z\u00e1ruka za\u010d\u00edna plyn\u00fa\u0165 od\nprevzatia veci kupuj\u00facim. Kupuj\u00faci berie na vedomie, \u017ee je povinn\u00fd prezrie\u0165 si\ntovar bezprostredne pri jeho prevzat\u00ed. V pr\u00edpade, \u017ee tovar pri prevzat\u00ed\nkupuj\u00facim neodpoved\u00e1 k\u00fapnej zmluve, je kupuj\u00faci povinn\u00fd bezodkladne o tom\nupovedomi\u0165 pred\u00e1vaj\u00faceho. V pr\u00edpade ak:<\/p>\n\n\n\n<p>* sa jedn\u00e1 o chybu odstr\u00e1nite\u013en\u00fa, m\u00e1 kupuj\u00faci pr\u00e1vo aby bola bezplatne, v\u010das\na riadne odstr\u00e1nen\u00e1 bez zbyto\u010dn\u00e9ho odkladu resp. pr\u00e1vo na v\u00fdmenu veci. Kupuj\u00faci\nberie na vedomie, \u017ee pred\u00e1vaj\u00faci je opr\u00e1vnen\u00fd namiesto odstr\u00e1nenia chyby\nvymeni\u0165 v\u017edy chybn\u00fd tovar za bezchybn\u00fd, pokia\u013e to kupuj\u00facemu nesp\u00f4sob\u00ed z\u00e1va\u017en\u00e9\n\u0165a\u017ekosti<\/p>\n\n\n\n<p>* sa jedn\u00e1 o chybu neodstr\u00e1nite\u013en\u00fa, ktor\u00e1 br\u00e1ni tomu, aby mohol by\u0165 tovar\nriadne u\u017e\u00edvan\u00fd, m\u00e1 kupuj\u00faci pr\u00e1vo na v\u00fdmenu veci alebo pr\u00e1vo od zmluvy odst\u00fapi\u0165<\/p>\n\n\n\n<p>* sa jedn\u00e1 o chybu neodstr\u00e1nite\u013en\u00fa, ktor\u00e1 ale nebr\u00e1ni tomu, aby mohol by\u0165\ntovar riadne u\u017e\u00edvan\u00fd, m\u00e1 kupuj\u00faci pr\u00e1vo na primeran\u00fa z\u013eavu z ceny<\/p>\n\n\n\n<p>* sa jedn\u00e1 o chybu odstr\u00e1nite\u013en\u00fa, ale kupuj\u00faci nem\u00f4\u017ee pre op\u00e4tovne sa\nvyskytnut\u00fa chybu po oprave alebo pre v\u00e4\u010d\u0161\u00ed po\u010det ch\u00fdb vec riadne u\u017e\u00edva\u0165, m\u00e1\nkupuj\u00faci pr\u00e1vo na v\u00fdmenu tovaru alebo pr\u00e1vo od zmluvy odst\u00fapi\u0165<\/p>\n\n\n\n<p>Kupuj\u00faci berie na vedomie, \u017ee pred\u00e1vaj\u00faci nezodpoved\u00e1 za chyby tovaru, ktor\u00e9\nboli sp\u00f4soben\u00e9 v pr\u00ed\u010dinnej s\u00favislosti s jednan\u00edm alebo opomenut\u00edm kupuj\u00faceho.\nRovnako nie je pred\u00e1vaj\u00faci zodpovedn\u00fd za po\u0161kodenie tovaru sp\u00f4soben\u00e9\nprepravcom.<\/p>\n\n\n\n<p>Kupuj\u00faci je povinn\u00fd pri uplatnen\u00ed reklam\u00e1cie v r\u00e1mci z\u00e1konnej z\u00e1ruky, preuk\u00e1za\u0165 uzatvorenie k\u00fapnej zmluvy s pred\u00e1vaj\u00facim dokladom o k\u00fape. Pred\u00e1vaj\u00faci sa zav\u00e4zuje opr\u00e1vnen\u00fa a pod\u013ea t\u00fdchto obchodn\u00fdch podmienok uplatnen\u00fa reklam\u00e1ciu vybavi\u0165 bezodkladne, najnesk\u00f4r do 30 kalend\u00e1rnych dn\u00ed odo d\u0148a uplatnenia reklam\u00e1cie, pokia\u013e sa pred\u00e1vaj\u00faci s kupuj\u00facim nedohodn\u00fa inak.<\/p>\n\n\n\n<p>Pri po\u0161koden\u00ed zariadenia spotrebn\u00fdm materi\u00e1lom si vyhradzujeme vykona\u0165 na zariaden\u00ed obhliadku.  <\/p>\n\n\n\n<p>Reklam\u00e1ciu si m\u00f4\u017eete uplatni\u0165 osobne na prev\u00e1dzke ACENT s.r.o., K v\u00fdstavisku 13, Tren\u010d\u00edn, alebo ju m\u00f4\u017eete na uveden\u00fa adresu zasla\u0165. V pr\u00edpade ot\u00e1zok k reklam\u00e1ci\u00ed n\u00e1s kontaktujte na uveden\u00e9 <a href=\"http:\/\/www.acent.sk\/?page_id=9\">tel. \u010d\u00edslo a mail v kontaktoch <\/a>tejto str\u00e1nky.<\/p>\n","protected":false},"excerpt":{"rendered":"<p>Reklama\u010dn\u00fd poriadok bol spracovan\u00fd v s\u00falade s platn\u00fdm Ob\u010dianskym z\u00e1konn\u00edkom v znen\u00ed neskor\u0161\u00edch predpisov a z\u00e1konom o ochrane spotrebite\u013ea v znen\u00ed neskor\u0161\u00edch predpisov. Tento reklama\u010dn\u00fd poriadok \u00fa\u010delne upravuje podmienky a postup pri prij\u00edman\u00ed a vybavovan\u00ed reklam\u00e1ci\u00ed na tovar zak\u00fapen\u00fd na webovej str\u00e1nke&nbsp;www.acent.sk&nbsp;pred\u00e1vaj\u00faci poskytuje z\u00e1ruku na tovar v d\u013a\u017eke 24 mesiacov. Z\u00e1ruka za\u010d\u00edna plyn\u00fa\u0165 od prevzatia veci kupuj\u00facim. Kupuj\u00faci berie na<\/p>\n","protected":false},"author":1,"featured_media":150,"parent":0,"menu_order":0,"comment_status":"closed","ping_status":"closed","template":"","meta":{"footnotes":""},"class_list":["post-120","page","type-page","status-publish","has-post-thumbnail","hentry"],"_links":{"self":[{"href":"https:\/\/www.acent.sk\/index.php?rest_route=\/wp\/v2\/pages\/120","targetHints":{"allow":["GET"]}}],"collection":[{"href":"https:\/\/www.acent.sk\/index.php?rest_route=\/wp\/v2\/pages"}],"about":[{"href":"https:\/\/www.acent.sk\/index.php?rest_route=\/wp\/v2\/types\/page"}],"author":[{"embeddable":true,"href":"https:\/\/www.acent.sk\/index.php?rest_route=\/wp\/v2\/users\/1"}],"replies":[{"embeddable":true,"href":"https:\/\/www.acent.sk\/index.php?rest_route=%2Fwp%2Fv2%2Fcomments&post=120"}],"version-history":[{"count":2,"href":"https:\/\/www.acent.sk\/index.php?rest_route=\/wp\/v2\/pages\/120\/revisions"}],"predecessor-version":[{"id":309,"href":"https:\/\/www.acent.sk\/index.php?rest_route=\/wp\/v2\/pages\/120\/revisions\/309"}],"wp:featuredmedia":[{"embeddable":true,"href":"https:\/\/www.acent.sk\/index.php?rest_route=\/wp\/v2\/media\/150"}],"wp:attachment":[{"href":"https:\/\/www.acent.sk\/index.php?rest_route=%2Fwp%2Fv2%2Fmedia&parent=120"}],"curies":[{"name":"wp","href":"https:\/\/api.w.org\/{rel}","templated":true}]}}