{"id":126,"date":"2019-08-06T20:53:04","date_gmt":"2019-08-06T20:53:04","guid":{"rendered":"http:\/\/www.acent.sk\/?page_id=126"},"modified":"2023-04-02T09:10:32","modified_gmt":"2023-04-02T08:10:32","slug":"sluzby","status":"publish","type":"page","link":"https:\/\/www.acent.sk\/?page_id=126","title":{"rendered":"Slu\u017eby"},"content":{"rendered":"\n<p>Radi V\u00e1m poskytneme ekonomick\u00fd rozbor n\u00e1kladov na tla\u010d, aby sme V\u00e1m mohli odporu\u010di\u0165 najvhodnej\u0161\u00ed typ tla\u010diarne. <\/p>\n\n\n\n<p>Dod\u00e1vame origin\u00e1lny, kompatibiln\u00fd alebo renovovan\u00fd spotrebn\u00fd materi\u00e1l.<\/p>\n\n\n\n<p>Vykon\u00e1me profylaktiku tla\u010diarn\u00ed (\u010distenie tla\u010diarn\u00ed). <\/p>\n\n\n\n<p>Ak m\u00e1te pr\u00e1zdne kazety, vyk\u00fapime ich od V\u00e1s. Na\u0161a spolo\u010dnos\u0165 zabezpe\u010duje aj likvid\u00e1ciu kaziet, ktor\u00e9 nemo\u017eno \u010falej renovova\u0165 v s\u00falade s platnou legislat\u00edvou.  <\/p>\n\n\n\n<p>Sme tu pre V\u00e1s aj v pr\u00edpade, \u017ee potrebujete z\u00e1ru\u010dn\u00fd alebo poz\u00e1ru\u010dn\u00fd servis pre Va\u0161u tla\u010diare\u0148 HP.<\/p>\n\n\n\n<p><\/p>\n\n\n\n<p><strong>Renov\u00e1cia tonerov.<\/strong><\/p>\n\n\n\n<p>V s\u00fa\u010dasnej dobe je udr\u017eate\u013enos\u0165 a ochrana \u017eivotn\u00e9ho prostredia d\u00f4le\u017eit\u00fdm a \u010dasto diskutovan\u00fdm t\u00e9mou. Ka\u017ed\u00fd z n\u00e1s m\u00f4\u017ee prispie\u0165 k ochrane \u017eivotn\u00e9ho prostredia r\u00f4znymi sp\u00f4sobmi. Jedn\u00fdm z mo\u017en\u00fdch sp\u00f4sobov, ako m\u00f4\u017eeme zni\u017eova\u0165 negat\u00edvny dopad na\u0161ej spotreby na \u017eivotn\u00e9 prostredie, je renov\u00e1cia tonerov.<\/p>\n\n\n\n<p>Renov\u00e1cia tonerov je proces, ktor\u00fd umo\u017e\u0148uje znovu pou\u017ei\u0165 tonery, ktor\u00e9 u\u017e boli raz pou\u017eit\u00e9 a ktor\u00e9 by inak skon\u010dili na skl\u00e1dke. Tento proces zah\u0155\u0148a \u010distenie tonerov, dop\u013a\u0148anie tonerov\u00e9ho pr\u00e1\u0161ku a v\u00fdmenu dielov, ktor\u00e9 s\u00fa po\u0161koden\u00e9 alebo opotrebovan\u00e9. Renovovan\u00e9 tonery sa potom m\u00f4\u017eu pou\u017ei\u0165 ako nov\u00e9, s rovnakou kvalitou a v\u00fdkonom.<\/p>\n\n\n\n<p>Renov\u00e1cia tonerov m\u00e1 pozit\u00edvny vplyv na \u017eivotn\u00e9 prostredie z nieko\u013ek\u00fdch d\u00f4vodov. Po prv\u00e9, znovupou\u017eitie tonerov zni\u017euje mno\u017estvo odpadu, ktor\u00e9 by inak skon\u010dilo na skl\u00e1dke a potenci\u00e1lne by mohlo zne\u010disti\u0165 p\u00f4du a vodu. Po druh\u00e9, proces renov\u00e1cie tonerov vy\u017eaduje menej energie a surov\u00edn ako v\u00fdroba nov\u00fdch tonerov. V\u00fdroba nov\u00fdch tonerov vy\u017eaduje \u0165a\u017eenie a spracovanie surov\u00edn, v\u00fdrobu a prepravu tonerov a balenia. V porovnan\u00ed s t\u00fdmito krokmi je proces renov\u00e1cie tonerov ove\u013ea menej n\u00e1ro\u010dn\u00fd na suroviny a energiu.<\/p>\n\n\n\n<p>Okrem toho, renov\u00e1cia tonerov zni\u017euje n\u00e1klady spojen\u00e9 s tla\u010dou. N\u00e1klady na renov\u00e1ciu tonerov s\u00fa \u010dasto ni\u017e\u0161ie ako n\u00e1klady na n\u00e1kup nov\u00fdch tonerov, \u010do m\u00f4\u017ee pom\u00f4c\u0165 u\u0161etri\u0165 financie pre jednotlivcov, firmy a organiz\u00e1cie.<\/p>\n","protected":false},"excerpt":{"rendered":"<p>Radi V\u00e1m poskytneme ekonomick\u00fd rozbor n\u00e1kladov na tla\u010d, aby sme V\u00e1m mohli odporu\u010di\u0165 najvhodnej\u0161\u00ed typ tla\u010diarne. Dod\u00e1vame origin\u00e1lny, kompatibiln\u00fd alebo renovovan\u00fd spotrebn\u00fd materi\u00e1l. Vykon\u00e1me profylaktiku tla\u010diarn\u00ed (\u010distenie tla\u010diarn\u00ed). Ak m\u00e1te pr\u00e1zdne kazety, vyk\u00fapime ich od V\u00e1s. Na\u0161a spolo\u010dnos\u0165 zabezpe\u010duje aj likvid\u00e1ciu kaziet, ktor\u00e9 nemo\u017eno \u010falej renovova\u0165 v s\u00falade s platnou legislat\u00edvou. Sme tu pre V\u00e1s aj v pr\u00edpade, \u017ee potrebujete<\/p>\n","protected":false},"author":1,"featured_media":132,"parent":0,"menu_order":0,"comment_status":"closed","ping_status":"closed","template":"","meta":{"footnotes":""},"class_list":["post-126","page","type-page","status-publish","has-post-thumbnail","hentry"],"_links":{"self":[{"href":"https:\/\/www.acent.sk\/index.php?rest_route=\/wp\/v2\/pages\/126","targetHints":{"allow":["GET"]}}],"collection":[{"href":"https:\/\/www.acent.sk\/index.php?rest_route=\/wp\/v2\/pages"}],"about":[{"href":"https:\/\/www.acent.sk\/index.php?rest_route=\/wp\/v2\/types\/page"}],"author":[{"embeddable":true,"href":"https:\/\/www.acent.sk\/index.php?rest_route=\/wp\/v2\/users\/1"}],"replies":[{"embeddable":true,"href":"https:\/\/www.acent.sk\/index.php?rest_route=%2Fwp%2Fv2%2Fcomments&post=126"}],"version-history":[{"count":6,"href":"https:\/\/www.acent.sk\/index.php?rest_route=\/wp\/v2\/pages\/126\/revisions"}],"predecessor-version":[{"id":325,"href":"https:\/\/www.acent.sk\/index.php?rest_route=\/wp\/v2\/pages\/126\/revisions\/325"}],"wp:featuredmedia":[{"embeddable":true,"href":"https:\/\/www.acent.sk\/index.php?rest_route=\/wp\/v2\/media\/132"}],"wp:attachment":[{"href":"https:\/\/www.acent.sk\/index.php?rest_route=%2Fwp%2Fv2%2Fmedia&parent=126"}],"curies":[{"name":"wp","href":"https:\/\/api.w.org\/{rel}","templated":true}]}}