{"id":160,"date":"2019-08-11T11:42:21","date_gmt":"2019-08-11T11:42:21","guid":{"rendered":"http:\/\/www.acent.sk\/?page_id=160"},"modified":"2024-12-29T09:34:22","modified_gmt":"2024-12-29T08:34:22","slug":"acent-racing-team","status":"publish","type":"page","link":"https:\/\/www.acent.sk\/?page_id=160","title":{"rendered":"ACENT RACING TEAM"},"content":{"rendered":"\n<p>bol zalo\u017een\u00fd s cie\u013eom reprezentova\u0165 Slovensk\u00fa republiku na medzin\u00e1rodn\u00fdch podujatiach v oblasti motocyklov\u00e9ho \u0161portu. Od svojho vzniku t\u00edm dosiahol mno\u017estvo \u00faspechov a stal sa neodmyslite\u013enou s\u00fa\u010das\u0165ou motoristick\u00e9ho diania.<\/p>\n\n\n\n<p>Prv\u00e1 sez\u00f3na t\u00edmu od\u0161tartovala v roku 2007, kedy sa jazdci z\u00fa\u010dastnili pretekov na Slovensku, v Ma\u010farsku a \u010ceskej republike. T\u00edm po\u010das roka absolvoval desiatky hod\u00edn testovania, \u010d\u00edm polo\u017eil z\u00e1klady pre bud\u00face \u00faspechy.<\/p>\n\n\n\n<figure class=\"wp-block-image\"><img loading=\"lazy\" decoding=\"async\" width=\"720\" height=\"479\" src=\"http:\/\/www.acent.sk\/wp-content\/uploads\/2019\/08\/Alexander-Urban-1.jpg\" alt=\"\" class=\"wp-image-167\" srcset=\"https:\/\/www.acent.sk\/wp-content\/uploads\/2019\/08\/Alexander-Urban-1.jpg 720w, https:\/\/www.acent.sk\/wp-content\/uploads\/2019\/08\/Alexander-Urban-1-300x200.jpg 300w, https:\/\/www.acent.sk\/wp-content\/uploads\/2019\/08\/Alexander-Urban-1-90x60.jpg 90w\" sizes=\"auto, (max-width: 720px) 100vw, 720px\" \/><figcaption class=\"wp-element-caption\">Alexander Urban<\/figcaption><\/figure>\n\n\n\n<h3 class=\"wp-block-heading\">V\u00fdrazn\u00e9 \u00faspechy v sez\u00f3ne 2008<\/h3>\n\n\n\n<p>Rok 2008 bol pre ACENT RACING TEAM mimoriadne \u00faspe\u0161n\u00fd. T\u00edm sa z\u00fa\u010dastnil pretekov ako <strong>Pascalplast Cup<\/strong>, <strong>ERES Racing Cup<\/strong> a vytrvalostn\u00fdch pretekov <strong>Czech Endurance Cup (CEC)<\/strong>. Jazdci preuk\u00e1zali vysok\u00fa \u00farove\u0148 a pravidelne sa umiest\u0148ovali na popredn\u00fdch prie\u010dkach:<\/p>\n\n\n\n<ul class=\"wp-block-list\">\n<li><strong>Alexander Urban<\/strong> z\u00edskal prvenstvo v <strong>Pascalplast Cupe<\/strong> a druh\u00e9 miesto vo vytrvalostn\u00fdch pretekoch <strong>CEC Cup<\/strong>.<\/li>\n\n\n\n<li><strong>Mari\u00e1n Glonek<\/strong> a <strong>Igor \u010cervenec<\/strong> dosiahli v\u00fdznamn\u00e9 v\u00fdsledky v kateg\u00f3ri\u00e1ch do 600 ccm, vr\u00e1tane bronzovej medaily pre Igora \u010cerveneca v Slovenskom poh\u00e1ri v \u0161printe.<\/li>\n<\/ul>\n\n\n\n<figure class=\"wp-block-image\"><img loading=\"lazy\" decoding=\"async\" width=\"720\" height=\"479\" src=\"http:\/\/www.acent.sk\/wp-content\/uploads\/2019\/08\/Igor-\u010cervenec.jpg\" alt=\"\" class=\"wp-image-169\" srcset=\"https:\/\/www.acent.sk\/wp-content\/uploads\/2019\/08\/Igor-\u010cervenec.jpg 720w, https:\/\/www.acent.sk\/wp-content\/uploads\/2019\/08\/Igor-\u010cervenec-300x200.jpg 300w, https:\/\/www.acent.sk\/wp-content\/uploads\/2019\/08\/Igor-\u010cervenec-90x60.jpg 90w\" sizes=\"auto, (max-width: 720px) 100vw, 720px\" \/><figcaption class=\"wp-element-caption\">Igor \u010cervenec<\/figcaption><\/figure>\n\n\n\n<p>Po\u010das sez\u00f3ny t\u00edm \u010delil aj technick\u00fdm a \u0161portov\u00fdm v\u00fdzvam, vr\u00e1tane p\u00e1dov, ktor\u00e9 v\u0161ak neoslabili jeho odhodlanie.<\/p>\n\n\n\n<p>V roku 2009 sa ACENT RACING TEAM zameral na \u010fal\u0161ie preteky na okruhoch v Ma\u010farsku, \u010ceskej republike, Slovensku a dokonca aj v Nemecku. V\u00fdznamnou udalos\u0165ou bolo nadviazanie spolupr\u00e1ce s t\u00edmom MOTORIDE, \u010do prinieslo \u010fal\u0161ie \u00faspechy, vr\u00e1tane druh\u00e9ho miesta v prest\u00ed\u017enych 6-hodinov\u00fdch vytrvalostn\u00fdch pretekoch v Moste.<\/p>\n\n\n\n<figure class=\"wp-block-image size-full\"><img loading=\"lazy\" decoding=\"async\" width=\"720\" height=\"479\" src=\"https:\/\/www.acent.sk\/wp-content\/uploads\/2019\/08\/Mari\u00e1n-Glonek.jpg\" alt=\"\" class=\"wp-image-165\" srcset=\"https:\/\/www.acent.sk\/wp-content\/uploads\/2019\/08\/Mari\u00e1n-Glonek.jpg 720w, https:\/\/www.acent.sk\/wp-content\/uploads\/2019\/08\/Mari\u00e1n-Glonek-300x200.jpg 300w, https:\/\/www.acent.sk\/wp-content\/uploads\/2019\/08\/Mari\u00e1n-Glonek-90x60.jpg 90w\" sizes=\"auto, (max-width: 720px) 100vw, 720px\" \/><\/figure>\n\n\n\n<p>Mari\u00e1n Glonek<\/p>\n\n\n\n<p>Medzi najv\u00fdznamnej\u0161ie \u00faspechy t\u00edmu patria:<\/p>\n\n\n\n<ul class=\"wp-block-list\">\n<li>Pravideln\u00e9 p\u00f3diov\u00e9 umiestnenia v r\u00f4znych medzin\u00e1rodn\u00fdch poh\u00e1roch.<\/li>\n\n\n\n<li>Vytrvalostn\u00e9 preteky, v ktor\u00fdch jazdci t\u00edmu z\u00edskali popredn\u00e9 umiestnenia.<\/li>\n<\/ul>\n\n\n\n<p>ACENT RACING TEAM sa stal symbolom odhodlania, profesionality a \u0161portov\u00e9ho ducha. V\u010faka podpore partnerov, kvalitn\u00e9mu z\u00e1zemiu a zanieten\u00fdm jazdcom t\u00edm \u00faspe\u0161ne reprezentoval Slovensko na medzin\u00e1rodnej motoristickej sc\u00e9ne.<\/p>\n\n\n\n<p><br><\/p>\n","protected":false},"excerpt":{"rendered":"<p>bol zalo\u017een\u00fd s cie\u013eom reprezentova\u0165 Slovensk\u00fa republiku na medzin\u00e1rodn\u00fdch podujatiach v oblasti motocyklov\u00e9ho \u0161portu. Od svojho vzniku t\u00edm dosiahol mno\u017estvo \u00faspechov a stal sa neodmyslite\u013enou s\u00fa\u010das\u0165ou motoristick\u00e9ho diania. Prv\u00e1 sez\u00f3na t\u00edmu od\u0161tartovala v roku 2007, kedy sa jazdci z\u00fa\u010dastnili pretekov na Slovensku, v Ma\u010farsku a \u010ceskej republike. T\u00edm po\u010das roka absolvoval desiatky hod\u00edn testovania, \u010d\u00edm polo\u017eil z\u00e1klady pre bud\u00face \u00faspechy.<\/p>\n","protected":false},"author":1,"featured_media":159,"parent":0,"menu_order":0,"comment_status":"closed","ping_status":"closed","template":"","meta":{"footnotes":""},"class_list":["post-160","page","type-page","status-publish","has-post-thumbnail","hentry"],"_links":{"self":[{"href":"https:\/\/www.acent.sk\/index.php?rest_route=\/wp\/v2\/pages\/160","targetHints":{"allow":["GET"]}}],"collection":[{"href":"https:\/\/www.acent.sk\/index.php?rest_route=\/wp\/v2\/pages"}],"about":[{"href":"https:\/\/www.acent.sk\/index.php?rest_route=\/wp\/v2\/types\/page"}],"author":[{"embeddable":true,"href":"https:\/\/www.acent.sk\/index.php?rest_route=\/wp\/v2\/users\/1"}],"replies":[{"embeddable":true,"href":"https:\/\/www.acent.sk\/index.php?rest_route=%2Fwp%2Fv2%2Fcomments&post=160"}],"version-history":[{"count":8,"href":"https:\/\/www.acent.sk\/index.php?rest_route=\/wp\/v2\/pages\/160\/revisions"}],"predecessor-version":[{"id":358,"href":"https:\/\/www.acent.sk\/index.php?rest_route=\/wp\/v2\/pages\/160\/revisions\/358"}],"wp:featuredmedia":[{"embeddable":true,"href":"https:\/\/www.acent.sk\/index.php?rest_route=\/wp\/v2\/media\/159"}],"wp:attachment":[{"href":"https:\/\/www.acent.sk\/index.php?rest_route=%2Fwp%2Fv2%2Fmedia&parent=160"}],"curies":[{"name":"wp","href":"https:\/\/api.w.org\/{rel}","templated":true}]}}