{"id":96,"date":"2019-08-06T19:52:33","date_gmt":"2019-08-06T19:52:33","guid":{"rendered":"http:\/\/www.acent.sk\/?page_id=96"},"modified":"2023-04-01T11:43:15","modified_gmt":"2023-04-01T10:43:15","slug":"o-firme","status":"publish","type":"page","link":"https:\/\/www.acent.sk\/?page_id=96","title":{"rendered":"O firme"},"content":{"rendered":"\n<p><strong>ACENT s.r.o.<\/strong> je slovensk\u00e1 firma, ktor\u00e1 sa zaober\u00e1 profesion\u00e1lnou renov\u00e1ciou tonerov a\u00a0atramentov\u00fdch kaziet pre tla\u010diarne a\u00a0kop\u00edrovacie stroje, z\u00e1ru\u010dn\u00fdm a\u00a0poz\u00e1ru\u010dn\u00fdm servisom produktov Hewlett Packard \u2013 HP . Za\u010diatky firmy siahaj\u00fa a\u017e do roku 1997 kedy firma niesla n\u00e1zov ACCENT \u2013 Igor \u010cervenec. D\u0148a 27.augusta 2004 sa podnikanie roz\u0161\u00edrilo a\u00a0prenieslo na pr\u00e1vnick\u00fa osobu ACENT s.r.o. Tren\u010d\u00edn. <\/p>\n\n\n\n<p>Od uveden\u00e9ho roku sme z\u00edskali stovky\nspokojn\u00fdch z\u00e1kazn\u00edkov. V\u010faka mnohoro\u010dn\u00fdm sk\u00fasenostiam V\u00e1m m\u00f4\u017eeme pon\u00faknu\u0165\na&nbsp;zabezpe\u010di\u0165 vysok\u00fa kvalitu na\u0161ich v\u00fdrobkov a&nbsp;slu\u017eieb za prijate\u013en\u00fa\ncenu. Na renov\u00e1ciu pou\u017e\u00edvame overen\u00e9, kvalitn\u00e9 a&nbsp;certifikovan\u00e9 komponenty.\nV\u00fdrobky sa u n\u00e1s testuj\u00fa, \u010d\u00edm sa z\u00e1kazn\u00edkovi dostane odsk\u00fa\u0161an\u00fd a kvalitn\u00fd\nv\u00fdrobok. Pre na\u0161ich z\u00e1kazn\u00edkov zabezpe\u010dujeme bezplatn\u00fd odvoz pou\u017eit\u00fdch\npr\u00e1zdnych tonerov a ich n\u00e1sledn\u00fa likvid\u00e1ciu.<\/p>\n\n\n\n<p>V&nbsp;roku 2007 sme sa z\u00fa\u010dastnili\nmedzin\u00e1rodnej konferencie RechargEast University, \/kde v&nbsp;s\u00fa\u0165a\u017ei\n&nbsp;r\u00fdchlosti rozobrania a&nbsp;zlo\u017eenia tonerovej kazety HP Q2612A sme\nobsadili 3. miesto\/ a&nbsp;medzin\u00e1rodnej v\u00fdstavy zameranej na renov\u00e1ciu tonerov\nReEurope expo v Prahe.<\/p>\n\n\n\n<p>Od roku 2007 sponzorujeme motocyklov\u00fd team \u2013\nACENT RACING TEAM Tren\u010d\u00edn<\/p>\n\n\n\n<p>V\u00a0roku 2013 sme sa zapojili do programu spolo\u010dnosti Hewlett Packard \u2013 HP partner program, aby sme svojim z\u00e1kazn\u00edkom zabezpe\u010dili najaktu\u00e1lnej\u0161ie inform\u00e1cie o\u00a0produktoch tejto zna\u010dky.<\/p>\n\n\n\n<p>V apr\u00edli 2014 sme nech\u00fdbali na najv\u00e4\u010d\u0161ej akci\u00ed v\u00a0oblasti 3D tla\u010de \u2013 3D expo v\u00a0Prahe, odkia\u013e sme si priniesli vynikaj\u00face z\u00e1\u017eitky a ve\u013ea technick\u00fdch inform\u00e1ci\u00ed.<\/p>\n\n\n\n<p>Od 1.1.2018 je mo\u017en\u00e9 u n\u00e1s plati\u0165 nez\u00e1vislou internetovou menou Bitcoin.<\/p>\n\n\n\n<p>V&nbsp;r\u00e1mci v\u00fdroby tonerov a slu\u017eieb pre\nz\u00e1kazn\u00edka sa sna\u017e\u00edme vybavova\u0165 objedn\u00e1vky v&nbsp;\u010do najkrat\u0161om \u010dase\na&nbsp;zabezpe\u010di\u0165 jeho \u00fapln\u00fa spokojnos\u0165.<\/p>\n\n\n\n<p>Ak by ste potrebovali pom\u00f4c\u0165, nev\u00e1hajte n\u00e1s\nkontaktova\u0165 na mail: <a href=\"mailto:acent@hotmail.sk\">acent@hotmail.sk<\/a>&nbsp;\nalebo telefonicky na telef\u00f3nne \u010d\u00edslo 0915 828 000.<\/p>\n\n\n\n<p>Taktie\u017e V\u00e1s radi priv\u00edtame v na\u0161ich\npriestoroch ACENT s.r.o., K v\u00fdstavisku 13, Tren\u010d\u00edn<\/p>\n","protected":false},"excerpt":{"rendered":"<p>ACENT s.r.o. je slovensk\u00e1 firma, ktor\u00e1 sa zaober\u00e1 profesion\u00e1lnou renov\u00e1ciou tonerov a\u00a0atramentov\u00fdch kaziet pre tla\u010diarne a\u00a0kop\u00edrovacie stroje, z\u00e1ru\u010dn\u00fdm a\u00a0poz\u00e1ru\u010dn\u00fdm servisom produktov Hewlett Packard \u2013 HP . Za\u010diatky firmy siahaj\u00fa a\u017e do roku 1997 kedy firma niesla n\u00e1zov ACCENT \u2013 Igor \u010cervenec. D\u0148a 27.augusta 2004 sa podnikanie roz\u0161\u00edrilo a\u00a0prenieslo na pr\u00e1vnick\u00fa osobu ACENT s.r.o. Tren\u010d\u00edn. Od uveden\u00e9ho roku sme z\u00edskali stovky<\/p>\n","protected":false},"author":1,"featured_media":149,"parent":0,"menu_order":0,"comment_status":"closed","ping_status":"closed","template":"","meta":{"footnotes":""},"class_list":["post-96","page","type-page","status-publish","has-post-thumbnail","hentry"],"_links":{"self":[{"href":"https:\/\/www.acent.sk\/index.php?rest_route=\/wp\/v2\/pages\/96","targetHints":{"allow":["GET"]}}],"collection":[{"href":"https:\/\/www.acent.sk\/index.php?rest_route=\/wp\/v2\/pages"}],"about":[{"href":"https:\/\/www.acent.sk\/index.php?rest_route=\/wp\/v2\/types\/page"}],"author":[{"embeddable":true,"href":"https:\/\/www.acent.sk\/index.php?rest_route=\/wp\/v2\/users\/1"}],"replies":[{"embeddable":true,"href":"https:\/\/www.acent.sk\/index.php?rest_route=%2Fwp%2Fv2%2Fcomments&post=96"}],"version-history":[{"count":3,"href":"https:\/\/www.acent.sk\/index.php?rest_route=\/wp\/v2\/pages\/96\/revisions"}],"predecessor-version":[{"id":323,"href":"https:\/\/www.acent.sk\/index.php?rest_route=\/wp\/v2\/pages\/96\/revisions\/323"}],"wp:featuredmedia":[{"embeddable":true,"href":"https:\/\/www.acent.sk\/index.php?rest_route=\/wp\/v2\/media\/149"}],"wp:attachment":[{"href":"https:\/\/www.acent.sk\/index.php?rest_route=%2Fwp%2Fv2%2Fmedia&parent=96"}],"curies":[{"name":"wp","href":"https:\/\/api.w.org\/{rel}","templated":true}]}}